{"id":95,"date":"2025-05-05T15:29:22","date_gmt":"2025-05-05T13:29:22","guid":{"rendered":"https:\/\/capacochaproject.com\/?page_id=95"},"modified":"2025-07-28T19:34:02","modified_gmt":"2025-07-28T17:34:02","slug":"projekty","status":"publish","type":"page","link":"https:\/\/capacochaproject.com\/en\/projekty\/","title":{"rendered":"Projects"},"content":{"rendered":"<div style=\"height:70px\" aria-hidden=\"true\" class=\"wp-block-spacer\"><\/div>\n\n\n\n<h2 class=\"wp-block-heading has-text-align-center has-primary-color has-text-color has-link-color wp-elements-a5317d0bcfa0b874cc98be1183aa4c04\"><a href=\"https:\/\/capacochaproject.com\/en\/projekty\/badania-terenowe\/\" data-type=\"page\" data-id=\"451\">Field research<\/a><\/h2>\n\n\n\n<div style=\"height:50px\" aria-hidden=\"true\" class=\"wp-block-spacer\"><\/div>\n\n\n\n<div class=\"wp-block-group has-global-padding is-layout-constrained wp-container-core-group-is-layout-3d191f86 wp-block-group-is-layout-constrained\">\n<p class=\"has-text-align-center has-normal-font-size wp-block-paragraph\" style=\"margin-right:var(--wp--preset--spacing--20);margin-left:var(--wp--preset--spacing--20)\">Fieldwork is being conducted in the southern Peru region. The first two research seasons aimed to identify and document the religious network and waystations (known as tambos) on the three volcanoes surrounding the modern city of Arequipa.<\/p>\n<\/div>\n\n\n\n<div style=\"height:50px\" aria-hidden=\"true\" class=\"wp-block-spacer\"><\/div>\n\n\n\n<div class=\"wp-block-group has-global-padding is-layout-constrained wp-container-core-group-is-layout-445f70d7 wp-block-group-is-layout-constrained\" style=\"padding-right:var(--wp--preset--spacing--20);padding-left:var(--wp--preset--spacing--20)\">\n<figure class=\"wp-block-image alignwide size-full\"><img data-recalc-dims=\"1\" fetchpriority=\"high\" decoding=\"async\" width=\"14985\" height=\"2332\" data-attachment-id=\"272\" data-permalink=\"https:\/\/capacochaproject.com\/en\/projekty\/bez-nazwy-1-kopia-3\/\" data-orig-file=\"https:\/\/i0.wp.com\/capacochaproject.com\/wp-content\/uploads\/2025\/05\/Bez-nazwy-1-kopia-1.png?fit=14985%2C2332&amp;ssl=1\" data-orig-size=\"14985,2332\" data-comments-opened=\"1\" data-image-meta=\"{&quot;aperture&quot;:&quot;0&quot;,&quot;credit&quot;:&quot;&quot;,&quot;camera&quot;:&quot;&quot;,&quot;caption&quot;:&quot;&quot;,&quot;created_timestamp&quot;:&quot;0&quot;,&quot;copyright&quot;:&quot;&quot;,&quot;focal_length&quot;:&quot;0&quot;,&quot;iso&quot;:&quot;0&quot;,&quot;shutter_speed&quot;:&quot;0&quot;,&quot;title&quot;:&quot;&quot;,&quot;orientation&quot;:&quot;0&quot;}\" data-image-title=\"Bez nazwy-1 kopia\" data-image-description=\"\" data-image-caption=\"\" data-medium-file=\"https:\/\/i0.wp.com\/capacochaproject.com\/wp-content\/uploads\/2025\/05\/Bez-nazwy-1-kopia-1.png?fit=300%2C47&amp;ssl=1\" data-large-file=\"https:\/\/i0.wp.com\/capacochaproject.com\/wp-content\/uploads\/2025\/05\/Bez-nazwy-1-kopia-1.png?fit=1024%2C159&amp;ssl=1\" src=\"https:\/\/i0.wp.com\/capacochaproject.com\/wp-content\/uploads\/2025\/05\/Bez-nazwy-1-kopia-1.png?resize=14985%2C2332&#038;ssl=1\" alt=\"\" class=\"wp-image-272\" srcset=\"https:\/\/i0.wp.com\/capacochaproject.com\/wp-content\/uploads\/2025\/05\/Bez-nazwy-1-kopia-1.png?w=14985&amp;ssl=1 14985w, https:\/\/i0.wp.com\/capacochaproject.com\/wp-content\/uploads\/2025\/05\/Bez-nazwy-1-kopia-1.png?resize=300%2C47&amp;ssl=1 300w, https:\/\/i0.wp.com\/capacochaproject.com\/wp-content\/uploads\/2025\/05\/Bez-nazwy-1-kopia-1.png?resize=1024%2C159&amp;ssl=1 1024w, https:\/\/i0.wp.com\/capacochaproject.com\/wp-content\/uploads\/2025\/05\/Bez-nazwy-1-kopia-1.png?resize=768%2C120&amp;ssl=1 768w, https:\/\/i0.wp.com\/capacochaproject.com\/wp-content\/uploads\/2025\/05\/Bez-nazwy-1-kopia-1.png?resize=1536%2C239&amp;ssl=1 1536w, https:\/\/i0.wp.com\/capacochaproject.com\/wp-content\/uploads\/2025\/05\/Bez-nazwy-1-kopia-1.png?resize=2048%2C319&amp;ssl=1 2048w, https:\/\/i0.wp.com\/capacochaproject.com\/wp-content\/uploads\/2025\/05\/Bez-nazwy-1-kopia-1.png?resize=1200%2C187&amp;ssl=1 1200w, https:\/\/i0.wp.com\/capacochaproject.com\/wp-content\/uploads\/2025\/05\/Bez-nazwy-1-kopia-1.png?w=3000&amp;ssl=1 3000w\" sizes=\"(max-width: 1000px) 100vw, 1000px\" \/><\/figure>\n\n\n\n<div style=\"height:30px\" aria-hidden=\"true\" class=\"wp-block-spacer\"><\/div>\n\n\n\n<div class=\"wp-block-columns alignwide is-layout-flex wp-container-core-columns-is-layout-d20ad609 wp-block-columns-is-layout-flex\">\n<div class=\"wp-block-column is-layout-flow wp-block-column-is-layout-flow\">\n<h2 class=\"wp-block-heading has-text-align-center\">Chachani<\/h2>\n\n\n\n<div style=\"height:40px\" aria-hidden=\"true\" class=\"wp-block-spacer\"><\/div>\n\n\n\n<p class=\"has-text-align-justify has-small-font-size wp-block-paragraph\">Chachani was considered a benevolent female deity. Pichu Pichu fell in love with her, so the gods placed Misti between them as a guardian. The first capacocha in history was discovered on the summit of the volcano (6,057 meters above sea level) in 1896. Unfortunately, it has not survived to the present day.<\/p>\n\n\n\n<p class=\"wp-block-paragraph\"><\/p>\n<\/div>\n\n\n\n<div class=\"wp-block-column is-layout-flow wp-block-column-is-layout-flow\">\n<h2 class=\"wp-block-heading has-text-align-center\">Misti<\/h2>\n\n\n\n<div style=\"height:40px\" aria-hidden=\"true\" class=\"wp-block-spacer\"><\/div>\n\n\n\n<p class=\"has-text-align-justify has-small-font-size wp-block-paragraph\" style=\"margin-right:var(--wp--preset--spacing--10);margin-left:var(--wp--preset--spacing--10)\">Misti was a fearsome deity that demanded many offerings. During the Inca times, at least one eruption of the volcano took place. In 1998, an expedition was carried out during which one of the richest capacocha offerings known to date was discovered on the summit of the volcano.<\/p>\n\n\n\n<p class=\"wp-block-paragraph\"><\/p>\n<\/div>\n\n\n\n<div class=\"wp-block-column is-layout-flow wp-block-column-is-layout-flow\">\n<h2 class=\"wp-block-heading has-text-align-center\">Pichu Pichu<\/h2>\n\n\n\n<div style=\"height:40px\" aria-hidden=\"true\" class=\"wp-block-spacer\"><\/div>\n\n\n\n<p class=\"has-text-align-justify has-small-font-size wp-block-paragraph\">Pichu Pichu, due to its shape, is called the Sleeping Warrior. Wanting to punish him for his love for Chachani, the gods turned him into a mountain. The first capacocha was discovered by accident by climbers in 1963. During the 1996 expedition by Johan Reinhard and Antonio Ch\u00e1vez, two additional burials\u2014of a boy and a girl\u2014were discovered.<\/p>\n\n\n\n<p class=\"wp-block-paragraph\"><\/p>\n<\/div>\n<\/div>\n<\/div>\n\n\n\n<div style=\"height:60px\" aria-hidden=\"true\" class=\"wp-block-spacer\"><\/div>\n\n\n\n<div class=\"wp-block-group alignfull has-global-padding is-content-justification-center is-layout-constrained wp-container-core-group-is-layout-c00f344c wp-block-group-is-layout-constrained\" style=\"margin-top:0;margin-bottom:0;padding-top:var(--wp--preset--spacing--40);padding-right:var(--wp--preset--spacing--20);padding-bottom:var(--wp--preset--spacing--40);padding-left:var(--wp--preset--spacing--20)\">\n<div class=\"wp-block-columns alignwide is-layout-flex wp-container-core-columns-is-layout-d20ad609 wp-block-columns-is-layout-flex\">\n<div class=\"wp-block-column is-vertically-aligned-center has-global-padding is-content-justification-left is-layout-constrained wp-container-core-column-is-layout-6f07962f wp-block-column-is-layout-constrained\">\n<h3 class=\"wp-block-heading has-primary-color has-text-color has-link-color has-medium-font-size wp-elements-73a177cb9eb016eab40738e409ab5576\"><a href=\"https:\/\/capacochaproject.com\/en\/projekty\/badania-mumii\/\" data-type=\"page\" data-id=\"330\">Mummy Research<\/a><\/h3>\n\n\n\n<div style=\"height:20px\" aria-hidden=\"true\" class=\"wp-block-spacer\"><\/div>\n\n\n\n<p class=\"has-text-align-justify has-normal-font-size wp-block-paragraph\">The project initially focused on the study of mummies and human remains discovered during the expeditions of Johan Reinhard and Antonio Ch\u00e1vez in the 1990s. The first analyses of the remains found on Misti took place in 2017. Traditional anthropological studies were carried out on the skeletons, including bone measurements, age estimation, and health assessments. The frozen mummies from the Ampato and Sara Sara volcanoes were also examined using computed tomography (CT). In addition, 3D models of the mummies and associated artifacts were created, along with a facial reconstruction of the famous Ice Maiden of Ampato.<\/p>\n\n\n\n<div style=\"height:20px\" aria-hidden=\"true\" class=\"wp-block-spacer\"><\/div>\n\n\n\n<div class=\"wp-block-buttons is-layout-flex wp-block-buttons-is-layout-flex\">\n<div class=\"wp-block-button\"><a class=\"wp-block-button__link wp-element-button\" href=\"https:\/\/capacochaproject.com\/en\/projekty\/badania-mumii\/\">Learn more<\/a><\/div>\n<\/div>\n<\/div>\n\n\n\n<div class=\"wp-block-column is-vertically-aligned-bottom is-layout-flow wp-block-column-is-layout-flow\">\n<figure class=\"wp-block-image size-full wp-duotone-unset-1\"><img data-recalc-dims=\"1\" decoding=\"async\" width=\"720\" height=\"720\" data-attachment-id=\"589\" data-permalink=\"https:\/\/capacochaproject.com\/en\/ace1f763-0434-4f8b-b788-6bd326ed2338-2\/\" data-orig-file=\"https:\/\/i0.wp.com\/capacochaproject.com\/wp-content\/uploads\/2025\/06\/ace1f763-0434-4f8b-b788-6bd326ed2338-edited.jpg?fit=720%2C720&amp;ssl=1\" data-orig-size=\"720,720\" data-comments-opened=\"1\" data-image-meta=\"{&quot;aperture&quot;:&quot;0&quot;,&quot;credit&quot;:&quot;&quot;,&quot;camera&quot;:&quot;&quot;,&quot;caption&quot;:&quot;&quot;,&quot;created_timestamp&quot;:&quot;0&quot;,&quot;copyright&quot;:&quot;&quot;,&quot;focal_length&quot;:&quot;0&quot;,&quot;iso&quot;:&quot;0&quot;,&quot;shutter_speed&quot;:&quot;0&quot;,&quot;title&quot;:&quot;&quot;,&quot;orientation&quot;:&quot;1&quot;}\" data-image-title=\"ace1f763-0434-4f8b-b788-6bd326ed2338\" data-image-description=\"\" data-image-caption=\"\" data-medium-file=\"https:\/\/i0.wp.com\/capacochaproject.com\/wp-content\/uploads\/2025\/06\/ace1f763-0434-4f8b-b788-6bd326ed2338-edited.jpg?fit=300%2C300&amp;ssl=1\" data-large-file=\"https:\/\/i0.wp.com\/capacochaproject.com\/wp-content\/uploads\/2025\/06\/ace1f763-0434-4f8b-b788-6bd326ed2338-edited.jpg?fit=720%2C720&amp;ssl=1\" src=\"https:\/\/i0.wp.com\/capacochaproject.com\/wp-content\/uploads\/2025\/06\/ace1f763-0434-4f8b-b788-6bd326ed2338-edited.jpg?resize=720%2C720&#038;ssl=1\" alt=\"\" class=\"wp-image-589\" style=\"aspect-ratio:1;object-fit:cover\" srcset=\"https:\/\/i0.wp.com\/capacochaproject.com\/wp-content\/uploads\/2025\/06\/ace1f763-0434-4f8b-b788-6bd326ed2338-edited.jpg?w=720&amp;ssl=1 720w, https:\/\/i0.wp.com\/capacochaproject.com\/wp-content\/uploads\/2025\/06\/ace1f763-0434-4f8b-b788-6bd326ed2338-edited.jpg?resize=300%2C300&amp;ssl=1 300w, https:\/\/i0.wp.com\/capacochaproject.com\/wp-content\/uploads\/2025\/06\/ace1f763-0434-4f8b-b788-6bd326ed2338-edited.jpg?resize=150%2C150&amp;ssl=1 150w, https:\/\/i0.wp.com\/capacochaproject.com\/wp-content\/uploads\/2025\/06\/ace1f763-0434-4f8b-b788-6bd326ed2338-edited.jpg?resize=12%2C12&amp;ssl=1 12w, https:\/\/i0.wp.com\/capacochaproject.com\/wp-content\/uploads\/2025\/06\/ace1f763-0434-4f8b-b788-6bd326ed2338-edited.jpg?resize=600%2C600&amp;ssl=1 600w, https:\/\/i0.wp.com\/capacochaproject.com\/wp-content\/uploads\/2025\/06\/ace1f763-0434-4f8b-b788-6bd326ed2338-edited.jpg?resize=400%2C400&amp;ssl=1 400w, https:\/\/i0.wp.com\/capacochaproject.com\/wp-content\/uploads\/2025\/06\/ace1f763-0434-4f8b-b788-6bd326ed2338-edited.jpg?resize=200%2C200&amp;ssl=1 200w\" sizes=\"(max-width: 720px) 100vw, 720px\" \/><\/figure>\n<\/div>\n<\/div>\n\n\n\n<div class=\"wp-block-group alignfull has-global-padding is-content-justification-center is-layout-constrained wp-container-core-group-is-layout-c00f344c wp-block-group-is-layout-constrained\" style=\"margin-top:0;margin-bottom:0;padding-top:var(--wp--preset--spacing--40);padding-right:var(--wp--preset--spacing--20);padding-bottom:var(--wp--preset--spacing--40);padding-left:var(--wp--preset--spacing--20)\">\n<figure class=\"wp-block-image alignwide size-large\"><img data-recalc-dims=\"1\" decoding=\"async\" width=\"1024\" height=\"47\" data-attachment-id=\"1672\" data-permalink=\"https:\/\/capacochaproject.com\/en\/projekty\/bez-nazwy-1-8\/\" data-orig-file=\"https:\/\/i0.wp.com\/capacochaproject.com\/wp-content\/uploads\/2025\/07\/Bez-nazwy-1.png?fit=13652%2C628&amp;ssl=1\" data-orig-size=\"13652,628\" data-comments-opened=\"1\" data-image-meta=\"{&quot;aperture&quot;:&quot;0&quot;,&quot;credit&quot;:&quot;&quot;,&quot;camera&quot;:&quot;&quot;,&quot;caption&quot;:&quot;&quot;,&quot;created_timestamp&quot;:&quot;0&quot;,&quot;copyright&quot;:&quot;&quot;,&quot;focal_length&quot;:&quot;0&quot;,&quot;iso&quot;:&quot;0&quot;,&quot;shutter_speed&quot;:&quot;0&quot;,&quot;title&quot;:&quot;&quot;,&quot;orientation&quot;:&quot;0&quot;}\" data-image-title=\"Bez nazwy-1\" data-image-description=\"\" data-image-caption=\"\" data-medium-file=\"https:\/\/i0.wp.com\/capacochaproject.com\/wp-content\/uploads\/2025\/07\/Bez-nazwy-1.png?fit=300%2C14&amp;ssl=1\" data-large-file=\"https:\/\/i0.wp.com\/capacochaproject.com\/wp-content\/uploads\/2025\/07\/Bez-nazwy-1.png?fit=1024%2C47&amp;ssl=1\" src=\"https:\/\/i0.wp.com\/capacochaproject.com\/wp-content\/uploads\/2025\/07\/Bez-nazwy-1.png?resize=1024%2C47&#038;ssl=1\" alt=\"\" class=\"wp-image-1672\" srcset=\"https:\/\/i0.wp.com\/capacochaproject.com\/wp-content\/uploads\/2025\/07\/Bez-nazwy-1.png?resize=1024%2C47&amp;ssl=1 1024w, https:\/\/i0.wp.com\/capacochaproject.com\/wp-content\/uploads\/2025\/07\/Bez-nazwy-1.png?resize=300%2C14&amp;ssl=1 300w, https:\/\/i0.wp.com\/capacochaproject.com\/wp-content\/uploads\/2025\/07\/Bez-nazwy-1.png?resize=768%2C35&amp;ssl=1 768w, https:\/\/i0.wp.com\/capacochaproject.com\/wp-content\/uploads\/2025\/07\/Bez-nazwy-1.png?resize=1536%2C71&amp;ssl=1 1536w, https:\/\/i0.wp.com\/capacochaproject.com\/wp-content\/uploads\/2025\/07\/Bez-nazwy-1.png?resize=2048%2C94&amp;ssl=1 2048w, https:\/\/i0.wp.com\/capacochaproject.com\/wp-content\/uploads\/2025\/07\/Bez-nazwy-1.png?resize=18%2C1&amp;ssl=1 18w, https:\/\/i0.wp.com\/capacochaproject.com\/wp-content\/uploads\/2025\/07\/Bez-nazwy-1.png?resize=1200%2C55&amp;ssl=1 1200w, https:\/\/i0.wp.com\/capacochaproject.com\/wp-content\/uploads\/2025\/07\/Bez-nazwy-1.png?w=3000&amp;ssl=1 3000w\" sizes=\"(max-width: 1000px) 100vw, 1000px\" \/><\/figure>\n\n\n\n<div style=\"height:30px\" aria-hidden=\"true\" class=\"wp-block-spacer\"><\/div>\n\n\n\n<div class=\"wp-block-columns alignwide is-layout-flex wp-container-core-columns-is-layout-4d075672 wp-block-columns-is-layout-flex\" style=\"padding-right:0;padding-left:0\">\n<div class=\"wp-block-column is-vertically-aligned-center has-global-padding is-content-justification-left is-layout-constrained wp-container-core-column-is-layout-2ce4c8fa wp-block-column-is-layout-constrained\" style=\"padding-right:0;padding-left:0\">\n<h3 class=\"wp-block-heading has-primary-color has-text-color has-link-color has-medium-font-size wp-elements-8f0cdb7730aaeb553b618b06ed44cfae\" style=\"margin-top:0;margin-right:40px;margin-bottom:0;margin-left:40px\"><a href=\"https:\/\/capacochaproject.com\/en\/projekty\/analizy-laboratoryjne\/\" data-type=\"page\" data-id=\"803\">Lab Analysis<\/a><\/h3>\n\n\n\n<div style=\"height:20px\" aria-hidden=\"true\" class=\"wp-block-spacer\"><\/div>\n\n\n\n<p class=\"has-text-align-justify has-normal-font-size wp-block-paragraph\" style=\"margin-top:0;margin-right:0;margin-bottom:0;margin-left:0\">Since 2019, laboratory analyses have been conducted on human tissues, botanical remains, and artifacts. To reconstruct the diet and origins of the children, isotopic analyses (of strontium, oxygen, carbon, and nitrogen) as well as ancient DNA studies are performed. Toxicological research has enabled the identification of psychoactive substances administered to the children during the final months of their journey to sacred places. The excellent preservation of botanical remains is used to calibrate radiocarbon dating and to attempt a reconstruction of the climate during the Inca period.<\/p>\n\n\n\n<div style=\"height:20px\" aria-hidden=\"true\" class=\"wp-block-spacer\"><\/div>\n\n\n\n<div class=\"wp-block-buttons is-layout-flex wp-block-buttons-is-layout-flex\">\n<div class=\"wp-block-button\"><a class=\"wp-block-button__link wp-element-button\" href=\"https:\/\/capacochaproject.com\/en\/projekty\/analizy-laboratoryjne\/\">Learn more<\/a><\/div>\n<\/div>\n<\/div>\n\n\n\n<div class=\"wp-block-column is-vertically-aligned-bottom is-layout-flow wp-block-column-is-layout-flow\">\n<figure class=\"wp-block-image size-full\"><img data-recalc-dims=\"1\" loading=\"lazy\" decoding=\"async\" width=\"810\" height=\"540\" data-attachment-id=\"178\" data-permalink=\"https:\/\/capacochaproject.com\/en\/projekty\/image-15\/\" data-orig-file=\"https:\/\/i0.wp.com\/capacochaproject.com\/wp-content\/uploads\/2025\/05\/image-14.png?fit=810%2C540&amp;ssl=1\" data-orig-size=\"810,540\" data-comments-opened=\"1\" data-image-meta=\"{&quot;aperture&quot;:&quot;0&quot;,&quot;credit&quot;:&quot;&quot;,&quot;camera&quot;:&quot;&quot;,&quot;caption&quot;:&quot;&quot;,&quot;created_timestamp&quot;:&quot;0&quot;,&quot;copyright&quot;:&quot;&quot;,&quot;focal_length&quot;:&quot;0&quot;,&quot;iso&quot;:&quot;0&quot;,&quot;shutter_speed&quot;:&quot;0&quot;,&quot;title&quot;:&quot;&quot;,&quot;orientation&quot;:&quot;0&quot;}\" data-image-title=\"image\" data-image-description=\"\" data-image-caption=\"\" data-medium-file=\"https:\/\/i0.wp.com\/capacochaproject.com\/wp-content\/uploads\/2025\/05\/image-14.png?fit=300%2C200&amp;ssl=1\" data-large-file=\"https:\/\/i0.wp.com\/capacochaproject.com\/wp-content\/uploads\/2025\/05\/image-14.png?fit=810%2C540&amp;ssl=1\" src=\"https:\/\/i0.wp.com\/capacochaproject.com\/wp-content\/uploads\/2025\/05\/image-14.png?resize=810%2C540&#038;ssl=1\" alt=\"\" class=\"wp-image-178\" style=\"aspect-ratio:1;object-fit:cover\" srcset=\"https:\/\/i0.wp.com\/capacochaproject.com\/wp-content\/uploads\/2025\/05\/image-14.png?w=810&amp;ssl=1 810w, https:\/\/i0.wp.com\/capacochaproject.com\/wp-content\/uploads\/2025\/05\/image-14.png?resize=300%2C200&amp;ssl=1 300w, https:\/\/i0.wp.com\/capacochaproject.com\/wp-content\/uploads\/2025\/05\/image-14.png?resize=768%2C512&amp;ssl=1 768w\" sizes=\"(max-width: 810px) 100vw, 810px\" \/><\/figure>\n<\/div>\n<\/div>\n\n\n\n<p class=\"wp-block-paragraph\">&nbsp;<\/p>\n<\/div>\n<\/div>\n\n\n\n<div class=\"wp-block-group has-global-padding is-layout-constrained wp-container-core-group-is-layout-3d191f86 wp-block-group-is-layout-constrained\">\n<hr class=\"wp-block-separator has-alpha-channel-opacity is-style-dots\"\/>\n<\/div>\n\n\n\n<p class=\"wp-block-paragraph\">&nbsp;<\/p>","protected":false},"excerpt":{"rendered":"<p>Badania Terenowe Prace terenowe prowadzone s\u0105 w regionie po\u0142udniowego Peru. Pierwsze dwa sezony bada\u0144 mia\u0142y na celu rozpoznanie i dokumentacj\u0119 sieci religijnej oraz stacji przystankowych (tzw. tambos) na trzech wulkanach otaczaj\u0105cych wsp\u00f3\u0142czesne miasto Arequipa. Chachani Chachani by\u0142a uwa\u017cana za przyjazne ludziom kobiece b\u00f3stwo. Zakocha\u0142 si\u0119 w niej Pichu Pichu dlatego bogowie postawili pomi\u0119dzy nimi Misti [&hellip;]<\/p>\n","protected":false},"author":265239570,"featured_media":0,"parent":0,"menu_order":0,"comment_status":"closed","ping_status":"closed","template":"","meta":{"_crdt_document":"","advanced_seo_description":"","jetpack_seo_html_title":"","jetpack_seo_noindex":false,"jetpack_post_was_ever_published":false,"footnotes":""},"class_list":["post-95","page","type-page","status-publish","hentry"],"jetpack_likes_enabled":true,"jetpack_sharing_enabled":true,"jetpack_shortlink":"https:\/\/wp.me\/PgvW9Y-1x","jetpack-related-posts":[],"_links":{"self":[{"href":"https:\/\/capacochaproject.com\/en\/wp-json\/wp\/v2\/pages\/95","targetHints":{"allow":["GET"]}}],"collection":[{"href":"https:\/\/capacochaproject.com\/en\/wp-json\/wp\/v2\/pages"}],"about":[{"href":"https:\/\/capacochaproject.com\/en\/wp-json\/wp\/v2\/types\/page"}],"author":[{"embeddable":true,"href":"https:\/\/capacochaproject.com\/en\/wp-json\/wp\/v2\/users\/265239570"}],"replies":[{"embeddable":true,"href":"https:\/\/capacochaproject.com\/en\/wp-json\/wp\/v2\/comments?post=95"}],"version-history":[{"count":100,"href":"https:\/\/capacochaproject.com\/en\/wp-json\/wp\/v2\/pages\/95\/revisions"}],"predecessor-version":[{"id":1755,"href":"https:\/\/capacochaproject.com\/en\/wp-json\/wp\/v2\/pages\/95\/revisions\/1755"}],"wp:attachment":[{"href":"https:\/\/capacochaproject.com\/en\/wp-json\/wp\/v2\/media?parent=95"}],"curies":[{"name":"wp","href":"https:\/\/api.w.org\/{rel}","templated":true}]}}